{"id":138,"date":"2019-02-13T14:58:26","date_gmt":"2019-02-13T13:58:26","guid":{"rendered":"http:\/\/philippemigne.com\/atelier-galerie\/?page_id=138"},"modified":"2020-01-16T14:43:49","modified_gmt":"2020-01-16T13:43:49","slug":"quest-ce-que-la-gravure","status":"publish","type":"page","link":"http:\/\/philippemigne.com\/atelier-galerie\/quest-ce-que-la-gravure\/","title":{"rendered":"Qu&rsquo;est-ce que la gravure ?"},"content":{"rendered":"<p><a href=\"http:\/\/philippemigne.com\/atelier-galerie\/wp-content\/uploads\/2019\/02\/Philippe-Migne-4.jpg\"><img decoding=\"async\" class=\"alignleft size-full wp-image-40\" src=\"http:\/\/philippemigne.com\/atelier-galerie\/wp-content\/uploads\/2019\/02\/Philippe-Migne-4.jpg\" alt=\"\u00a9 Philippe Mign\u00e9 - atelier 3\" width=\"470\" srcset=\"http:\/\/philippemigne.com\/atelier-galerie\/wp-content\/uploads\/2019\/02\/Philippe-Migne-4.jpg 900w, http:\/\/philippemigne.com\/atelier-galerie\/wp-content\/uploads\/2019\/02\/Philippe-Migne-4-300x225.jpg 300w, http:\/\/philippemigne.com\/atelier-galerie\/wp-content\/uploads\/2019\/02\/Philippe-Migne-4-768x576.jpg 768w\" sizes=\"(max-width: 900px) 100vw, 900px\" \/><\/a> <a href=\"http:\/\/philippemigne.com\/atelier-galerie\/wp-content\/uploads\/2019\/02\/Philippe-Migne-2.jpg\"><img decoding=\"async\" class=\"alignnone size-full wp-image-38\" src=\"http:\/\/philippemigne.com\/atelier-galerie\/wp-content\/uploads\/2019\/02\/Philippe-Migne-2.jpg\" alt=\"\u00a9 Philippe Mign\u00e9 - atelier 1\" width=\"470\" srcset=\"http:\/\/philippemigne.com\/atelier-galerie\/wp-content\/uploads\/2019\/02\/Philippe-Migne-2.jpg 900w, http:\/\/philippemigne.com\/atelier-galerie\/wp-content\/uploads\/2019\/02\/Philippe-Migne-2-300x225.jpg 300w, http:\/\/philippemigne.com\/atelier-galerie\/wp-content\/uploads\/2019\/02\/Philippe-Migne-2-768x576.jpg 768w\" sizes=\"(max-width: 900px) 100vw, 900px\" \/><\/a><br \/>\nLa gravure, comme le dessin ou la peinture, est un art graphique, o\u00f9 l\u2019artiste travaille non pas sur le support final, mais sur un mat\u00e9riau interm\u00e9diaire, destin\u00e9 \u00e0 \u00eatre encr\u00e9 puis imprim\u00e9 sur une feuille de papier. Lorsque le graveur est \u00e9galement le cr\u00e9ateur de l\u2019image, le r\u00e9sultat obtenu est une oeuvre originale.<\/p>\n<p>Il y a trois grandes familles d\u2019estampes :<br \/>\nLa <span style=\"color: #a82622;\">gravure sur bois<\/span> ou <span style=\"color: #a82622;\">xylographie<\/span><br \/>\nLa <span style=\"color: #a82622;\">gravure sur pierre<\/span> ou <span style=\"color: #a82622;\">lithographie<\/span><br \/>\nLa <span style=\"color: #a82622;\">gravure sur cuivre<\/span> en taille-douce, technique que j\u2019utilise :<\/p>\n<p>Sur une plaque de cuivre vernie, je grave \u00e0 la pointe aiguis\u00e9e, un dessin inspir\u00e9 d\u2019une de mes esquisses que j\u2019ai dispos\u00e9e devant un miroir afin de visualiser le sujet invers\u00e9. Une fois le dessin trac\u00e9 sur la plaque, je plonge celle-ci dans un bain d\u2019acide qui va mordre le motif. Le cuivre d\u00e9verni va pouvoir ainsi \u00eatre encr\u00e9 et pass\u00e9 sous presse pour obtenir une premi\u00e8re \u00e9preuve. Le r\u00e9sultat obtenu ne donne pas satisfaction d\u00e8s les premiers \u00e9tats, il faut \u00e0 nouveau vernir le cuivre et retravailler partout o\u00f9 cela est n\u00e9cessaire. Au fil des \u00e9tats, la composition va s\u2019affermir, et l\u2019ensemble peu \u00e0 peu se patiner.<\/p>\n<p>Parfois, d\u2019autres techniques peuvent venir \u00e0 la rescousse comme le burin, la pointe-s\u00e8che ou l\u2019aquatinte et introduire plus de vari\u00e9t\u00e9s dans les rendus.<br \/>\nLe temps pass\u00e9 et l\u2019alternance des phases de travail et de r\u00e9flexion, loin d\u2019\u00eatre des obstacles, constituent l\u2019un des attraits de cette technique.<\/p>\n<p>Le cuivre ainsi grav\u00e9 va donner lieu \u00e0 l\u2019\u00e9dition de plusieurs exemplaires, tous originaux, num\u00e9rot\u00e9s et sign\u00e9s de fa\u00e7on manuscrite.<\/p>\n<p>L\u2019aspect technique ou le vocabulaire vari\u00e9 de cet art ne doit pas rebuter le public. Les gravures ainsi obtenues font souvent preuve d\u2019une grande qualit\u00e9 d\u2019expression et tout comme mes amis graveurs, je me tiens \u00e0 disposition de chacun dans mon atelier ou lors d\u2019exposition pour faire d\u00e9couvrir et expliquer cet univers passionnant.<\/p>\n<p><iframe loading=\"lazy\" src=\"https:\/\/www.youtube.com\/embed\/Wwqw2StCJh4\" width=\"420\" height=\"315\" frameborder=\"0\"><\/iframe><br \/>\nFilm de Johanna Le Floc&rsquo;hmoen<\/p>\n","protected":false},"excerpt":{"rendered":"<p>La gravure, comme le dessin ou la peinture, est un art graphique, o\u00f9 l\u2019artiste travaille non pas sur le support final, mais sur un mat\u00e9riau interm\u00e9diaire, destin\u00e9 \u00e0 \u00eatre encr\u00e9 puis imprim\u00e9 sur une feuille de papier. Lorsque le graveur est \u00e9galement le cr\u00e9ateur de l\u2019image, le r\u00e9sultat obtenu est une oeuvre originale. Il y [&hellip;]<\/p>\n","protected":false},"author":1,"featured_media":0,"parent":0,"menu_order":0,"comment_status":"closed","ping_status":"closed","template":"","meta":[],"_links":{"self":[{"href":"http:\/\/philippemigne.com\/atelier-galerie\/wp-json\/wp\/v2\/pages\/138"}],"collection":[{"href":"http:\/\/philippemigne.com\/atelier-galerie\/wp-json\/wp\/v2\/pages"}],"about":[{"href":"http:\/\/philippemigne.com\/atelier-galerie\/wp-json\/wp\/v2\/types\/page"}],"author":[{"embeddable":true,"href":"http:\/\/philippemigne.com\/atelier-galerie\/wp-json\/wp\/v2\/users\/1"}],"replies":[{"embeddable":true,"href":"http:\/\/philippemigne.com\/atelier-galerie\/wp-json\/wp\/v2\/comments?post=138"}],"version-history":[{"count":5,"href":"http:\/\/philippemigne.com\/atelier-galerie\/wp-json\/wp\/v2\/pages\/138\/revisions"}],"predecessor-version":[{"id":721,"href":"http:\/\/philippemigne.com\/atelier-galerie\/wp-json\/wp\/v2\/pages\/138\/revisions\/721"}],"wp:attachment":[{"href":"http:\/\/philippemigne.com\/atelier-galerie\/wp-json\/wp\/v2\/media?parent=138"}],"curies":[{"name":"wp","href":"https:\/\/api.w.org\/{rel}","templated":true}]}}