{"id":16,"date":"2019-02-12T18:16:02","date_gmt":"2019-02-12T17:16:02","guid":{"rendered":"http:\/\/philippemigne.com\/atelier-galerie\/?page_id=16"},"modified":"2025-08-27T18:18:16","modified_gmt":"2025-08-27T16:18:16","slug":"expositions","status":"publish","type":"page","link":"http:\/\/philippemigne.com\/atelier-galerie\/expositions\/","title":{"rendered":"Expositions"},"content":{"rendered":"<p><img decoding=\"async\" class=\"size-full wp-image-41 alignnone\" src=\"http:\/\/philippemigne.com\/atelier-galerie\/wp-content\/uploads\/2019\/02\/Philippe-Migne-5.jpg\" alt=\"\u00a9 Philippe Mign\u00e9 - galerie 1\" width=\"980\" srcset=\"http:\/\/philippemigne.com\/atelier-galerie\/wp-content\/uploads\/2019\/02\/Philippe-Migne-5.jpg 900w, http:\/\/philippemigne.com\/atelier-galerie\/wp-content\/uploads\/2019\/02\/Philippe-Migne-5-300x85.jpg 300w, http:\/\/philippemigne.com\/atelier-galerie\/wp-content\/uploads\/2019\/02\/Philippe-Migne-5-768x218.jpg 768w\" sizes=\"(max-width: 900px) 100vw, 900px\" \/><\/p>\n<p><span style=\"color: #a82622; text-decoration: underline;\">EXPOSITIONS PARTICULI\u00c8RES<\/span><br \/>\n\u2022 Atelier d\u2019Art de Conflans Ste Honorine 1991-1994<br \/>\n\u2022 Atelier Taille Douce \u00e0 Issy-les-Moulineaux 1992<br \/>\n\u2022 Galerie Christiane Flament \u00e0 Paris 1993<br \/>\n\u2022 Galerie Telfort \u00e0 Paris 1995, 2006, 2009<br \/>\n\u2022 Galerie de Bretagne \u00e0 Quimper 1997<br \/>\n\u2022 Manoir de K\u00e9razan \u00e0 Loctudy 1998, 1999<br \/>\n\u2022 Atelier des Estampes \u00e0 B\u00e9nodet 2000-2002<br \/>\n\u2022 Fondation Taylord \u00e0 Paris 2005<br \/>\n\u2022 Atelier des Estampes \u00e0 Pont l\u2019Abb\u00e9 2002 \u00e0 2015<br \/>\n\u2022 Galerie des Arts du Vexin \u00e0 Vigny 2010, 2013, 2018<br \/>\n\u2022 Golf de Kerbernez d\u00e9cembre 2011 janvier 2012<br \/>\n\u2022 Le tour des Arts juillet 2013 \u00e0 Kervignac<br \/>\n\u2022 Mus\u00e9e du bord de mer \u00e0 B\u00e9nodet Mars avril 2015<br \/>\n\u2022 L&rsquo;art au gr\u00e9 des chapelles, Chapelle de Merquel \u00e0 Mesquer septembre 2015<br \/>\n<strong>.\u00a0<\/strong>Galerie des Images Pont Croix mai 2019<\/p>\n<p><span style=\"color: #a82622; text-decoration: underline;\">EXPOSITIONS COLLECTIVES<\/span><br \/>\n\u2022 Salon de Chantilly, prix de la Municipalit\u00e9 1989<br \/>\n\u2022 Salon de Sannois 2009, 2010, premier prix 1992 et prix ML. Tenot 1994<br \/>\n\u2022 Salon d\u2019Andr\u00e9sy, prix de la Municipalit\u00e9 1989<br \/>\n\u2022 Salon de Rueil Malmaison, prix du Conseil G\u00e9n\u00e9ral 1995<br \/>\n\u2022 Artistes dans la rue Versailles, prix de la Municipalit\u00e9 1996<br \/>\n\u2022 Salon de Bussy St Martin, prix de dessin 1993<br \/>\n\u2022 Salon de Versailles, prix des jeunes 1994<br \/>\n\u2022 Biennale du noir et blanc \u00e0 Colombes 1995<br \/>\n\u2022 Salon de Wervick 1995<br \/>\n\u2022 Salon de Roissy en France, prix de gravure 1995<br \/>\n\u2022 Salon d\u2019Enghien<br \/>\n\u2022 Salon de St Maur 1995<br \/>\n\u2022 Biennale 15&#215;10 Conflans Ste Honorine 1991, 1995, 1999, 2011,2017<br \/>\n\u2022 Salon International de la Gravure \u00e0 Nantes 1990-2006-2008<br \/>\n\u2022 Salon de Bayeux 1989, 1991, 1992<br \/>\n\u2022 ARGOS Le Plessis Bouchard 1993<br \/>\n\u2022 Salon des Artistes Fran\u00e7ais 1993, 1994, prix Art Actuel et Mention 1992, prix Jonas 2008, m\u00e9daille d\u2019argent 2009<br \/>\n\u2022 Prix du Colloque \u00abLe Pressoir Mystique\u00bb Recloses 1989<br \/>\n\u2022 Biennale d\u2019Ermont 1990, 1992, 1994, 1996<br \/>\n\u2022 Triennale d\u2019Estampes de Chamali\u00e8res 1994, 1997, 2010<br \/>\n\u2022 Pointe et Burin \u00e0 Paris 1995, 1996, 2010, 2013<br \/>\n\u2022 SAGA \u00e0 Paris 1995<br \/>\n\u2022 Biennale Internationale de Gravures Vaison la Romaine 1995<br \/>\n\u2022 Salon de la jeune gravure contemporaine 1995<br \/>\n\u2022 Biennale de gravures de Bussy St Georges 1995<br \/>\n\u2022 Gravure Passion \u00e0 St Maur 1997, 2000, 2003, 2006, 2009,2012<br \/>\n\u2022 Gravure en mai Galerie Gloux Concarneau 1997<br \/>\n\u2022 Premier Carrefour Contemporain de la Gravure Varades 1997<br \/>\n\u2022 Galerie \u00abLa Fleur et le Blason\u00bb Montmorency 1993, 1994, 1995<br \/>\n\u2022 Galerie des Monts d\u2019Arr\u00e9es Brasparts 1996, 2006, 2009<br \/>\n\u2022 Galerie de Landevennec 1997<br \/>\n\u2022 15\u00e8me Salon de l\u2019Estampe du groupe Corot 1999<br \/>\n\u2022 Salon des M\u00e9tiers de la Gravure K\u00e9razan 1999-2001-2004-2009-2018-2019<br \/>\n\u2022 Salon de la Soci\u00e9t\u00e9 Nationale des Beaux-Arts 1999-2005<br \/>\n\u2022 Euro-Estampe \u00e0 Lorient 2001-2009-2011<br \/>\n\u2022 Expo \u00ab\u00a0Estampes\u00a0\u00bb Domaine de Tr\u00e9varez 2002<br \/>\n\u2022 Ch\u00e2teau de Gorze 2003<br \/>\n\u2022 Aquarelles Ch\u00e2teau de Grouchy \u00e0 Osny<br \/>\n\u2022 Maison de la Fontaine Brest 2005<br \/>\n\u2022 Cercle St L\u00e9onard de Noblat 2006-2018<br \/>\n\u2022 Pleyber-Christ 2006, 2010<br \/>\n\u2022 Salon de l\u2019Estampe en Bretagne Josselin 2006<br \/>\n\u2022 8\u00e8me Salon International de la Gravure de Morhange 2008<br \/>\n\u2022 Salon de la Marine au Palais de Chaillot Paris 2009<br \/>\n\u2022 Triennale de Gravures de Midi-Pyr\u00e9n\u00e9es l\u2019Isle-sur-Tarn 2009\/2012\/2015\/2018<br \/>\n\u2022 Biennale de Gravures de Magn\u00e9 2009-2011, 2013, 2015<br \/>\n\u2022 Expo AP2A Le grand Rex au Pouliguen 2009-2015<br \/>\n\u2022 Week-End des Arts \u00e0 Vannes 2009, 2011, 2013<br \/>\n\u2022 Graveurs Contemporains Fran\u00e7ais et Italiens \u00e0 Chaumont 2010<br \/>\n\u2022 Salon de Gravures de Mesquer 2010<br \/>\n\u2022 \u00ab\u00a0Impression Mer\u00a0\u00bb, cinq graveurs au Phare de l\u2019Ile Wrac\u2019h 2010\/2012<br \/>\n\u2022 Salon d\u2019Et\u00e9 de St Flour 2010<br \/>\n\u2022 Salon de la Gravure de St Hilaire de Riez<br \/>\n\u2022 7\u00e9me prix au concours d&rsquo;ex-libris Jan Brito de Pipriac 2011<br \/>\n\u2022 Collectif \u00ab\u00a0Arts de Bretagne\u00a0\u00bb au Parlement de Bretagne \u00e0 Rennes 2011<br \/>\n\u2022 Salon du livre Insulaire d&rsquo;Ouessant 2011<br \/>\n\u2022 Prix Br\u00e9aut\u00e9 de l\u2019Institut de France (Acad\u00e9mie des Beaux-Arts) 1993<br \/>\n\u2022 M\u00e9daille de Vermeil : Arts-Siences-Lettres 2009<br \/>\n\u2022 D\u00e9p\u00f4t de gravures \u00e0 la Biblioth\u00e8que Nationale de Paris<br \/>\n\u2022 \u00ab\u00a0Univers de graveur\u00a0\u00bb au vieux phare de Penmarch 2012-2018<br \/>\n\u2022 \u00ab\u00a0La voie encr\u00e9e\u00a0\u00bb \u00e0 l&rsquo;Espace Culturel Lucien Prigent Landivisiau 2012<br \/>\n\u2022 \u00ab\u00a0La Ronde des Artistes\u00a0\u00bb St Caradec 2012<br \/>\n\u2022 1\u00e8re F\u00eate de l&rsquo;Estampe B\u00e9nodet<br \/>\n\u2022 Salon \u00ab\u00a0Empreinte\u00a0\u00bb Douarnenez 2015<br \/>\n\u2022 Art Baden 2015, 2019<br \/>\n\u2022 \u00ab\u00a0Nature de graveur\u00a0\u00bb Mus\u00e9e d\u00e9partemental Breton \u00e0 Quimper 2015<br \/>\n\u2022 Salon de Berric 2016<br \/>\n\u2022 Salon du petit format \u00e0 Mennecy 2016<br \/>\n\u2022 Journ\u00e9e de l&rsquo;estampe contemporaine place St Sulpice \u00e0 Paris 2016<br \/>\n\u2022 Exposition \u00ab\u00a0Peintres et Sculpteurs de Bretagne\u00a0\u00bb \u00e0 St Brieuc 2017<br \/>\n\u2022 Salon du petit format Lorient 2017- 2019<br \/>\n\u2022 Salon du livre de Plomelin 2017<br \/>\n\u2022 Salon de Berric 2017-2019<br \/>\n\u2022 Salon d&rsquo;art \u00e0 Messein 2017<br \/>\n\u2022 Salon Oc\u00e9anissime Acad\u00e9mie Arts &amp; Sciences de la Mer Fouesnant 2017<br \/>\n<strong>.<\/strong> Salon Oc\u00e9anissime \u00e0 la Fert\u00e9-Bernard 2019<br \/>\n\u2022 Salon estival \u00e0 Plouarzel 2017<br \/>\n\u2022 R\u00e9sidence d&rsquo;artiste \u00e0 l\u2019\u00cele Wrach octobre 2017<br \/>\n\u2022 \u00ab\u00a0Estampes\u00a0\u00bb au vieux Phare de Penmarc&rsquo;h 2018<br \/>\n\u2022 Invit\u00e9 d&rsquo;honneur au salon Capcaval Arts Penmarc&rsquo;h 2018<br \/>\n\u2022 Salon de Surzur 2018<br \/>\n<strong>.\u00a0<\/strong>Biennale de Gravure de l&rsquo;Aiguillon 2019<br \/>\n<strong>.\u00a0<\/strong>R\u00e9sidence d&rsquo;artiste site du Dourven d\u00e9cembre 2019<\/p>\n<p>.Salon Anima Libris Montreuil Bellay 2020 2023<\/p>\n","protected":false},"excerpt":{"rendered":"<p>EXPOSITIONS PARTICULI\u00c8RES \u2022 Atelier d\u2019Art de Conflans Ste Honorine 1991-1994 \u2022 Atelier Taille Douce \u00e0 Issy-les-Moulineaux 1992 \u2022 Galerie Christiane Flament \u00e0 Paris 1993 \u2022 Galerie Telfort \u00e0 Paris 1995, 2006, 2009 \u2022 Galerie de Bretagne \u00e0 Quimper 1997 \u2022 Manoir de K\u00e9razan \u00e0 Loctudy 1998, 1999 \u2022 Atelier des Estampes \u00e0 B\u00e9nodet 2000-2002 \u2022 [&hellip;]<\/p>\n","protected":false},"author":1,"featured_media":0,"parent":0,"menu_order":0,"comment_status":"closed","ping_status":"closed","template":"","meta":[],"_links":{"self":[{"href":"http:\/\/philippemigne.com\/atelier-galerie\/wp-json\/wp\/v2\/pages\/16"}],"collection":[{"href":"http:\/\/philippemigne.com\/atelier-galerie\/wp-json\/wp\/v2\/pages"}],"about":[{"href":"http:\/\/philippemigne.com\/atelier-galerie\/wp-json\/wp\/v2\/types\/page"}],"author":[{"embeddable":true,"href":"http:\/\/philippemigne.com\/atelier-galerie\/wp-json\/wp\/v2\/users\/1"}],"replies":[{"embeddable":true,"href":"http:\/\/philippemigne.com\/atelier-galerie\/wp-json\/wp\/v2\/comments?post=16"}],"version-history":[{"count":20,"href":"http:\/\/philippemigne.com\/atelier-galerie\/wp-json\/wp\/v2\/pages\/16\/revisions"}],"predecessor-version":[{"id":935,"href":"http:\/\/philippemigne.com\/atelier-galerie\/wp-json\/wp\/v2\/pages\/16\/revisions\/935"}],"wp:attachment":[{"href":"http:\/\/philippemigne.com\/atelier-galerie\/wp-json\/wp\/v2\/media?parent=16"}],"curies":[{"name":"wp","href":"https:\/\/api.w.org\/{rel}","templated":true}]}}