{"id":3,"date":"2019-02-12T12:19:14","date_gmt":"2019-02-12T11:19:14","guid":{"rendered":"http:\/\/philippemigne.com\/atelier-galerie\/?page_id=3"},"modified":"2019-02-12T18:38:18","modified_gmt":"2019-02-12T17:38:18","slug":"mentions-legales","status":"publish","type":"page","link":"http:\/\/philippemigne.com\/atelier-galerie\/mentions-legales\/","title":{"rendered":"Mentions l\u00e9gales"},"content":{"rendered":"<p><strong>Les images pr\u00e9sent\u00e9es sur ce site internet ne sont pas libres de droit.<\/strong> Elles sont la propri\u00e9t\u00e9 exclusive de <strong>Philippe MIGN\u00c9<\/strong> (SIRET 384 880 613 000 45) et sont prot\u00e9g\u00e9es par la <strong>Loi sur la Propri\u00e9t\u00e9 Intellectuelle<\/strong>. Sauf autorisation expresse, aucun \u00e9l\u00e9ment du site internet www.philippemigne.com ne peut \u00eatre copi\u00e9 ou retransmis.<\/p>\n<p>Si vous souhaitez utiliser une des images de ce site (usage personnel uniquement), merci d\u2019en demander l\u2019autorisation \u00e9crite \u00e0 l\u2019auteur Philippe MIGN\u00c9. Suite \u00e0 l\u2019accord \u00e9crit de sa part, une ligne de cr\u00e9dit devra obligatoirement \u00eatre ajout\u00e9e et porter la mention \u00ab\u00a0<strong>\u00a9 Philippe MIGN\u00c9<\/strong>\u00ab\u00a0.<\/p>\n<p>Toute utilisation professionnelle et\/ou commerciale est strictement interdite. Merci de respecter le droit \u00e0 la propri\u00e9t\u00e9 artistique.<\/p>\n","protected":false},"excerpt":{"rendered":"<p>Les images pr\u00e9sent\u00e9es sur ce site internet ne sont pas libres de droit. Elles sont la propri\u00e9t\u00e9 exclusive de Philippe MIGN\u00c9 (SIRET 384 880 613 000 45) et sont prot\u00e9g\u00e9es par la Loi sur la Propri\u00e9t\u00e9 Intellectuelle. Sauf autorisation expresse, aucun \u00e9l\u00e9ment du site internet www.philippemigne.com ne peut \u00eatre copi\u00e9 ou retransmis. Si vous souhaitez [&hellip;]<\/p>\n","protected":false},"author":1,"featured_media":0,"parent":0,"menu_order":0,"comment_status":"closed","ping_status":"open","template":"","meta":[],"_links":{"self":[{"href":"http:\/\/philippemigne.com\/atelier-galerie\/wp-json\/wp\/v2\/pages\/3"}],"collection":[{"href":"http:\/\/philippemigne.com\/atelier-galerie\/wp-json\/wp\/v2\/pages"}],"about":[{"href":"http:\/\/philippemigne.com\/atelier-galerie\/wp-json\/wp\/v2\/types\/page"}],"author":[{"embeddable":true,"href":"http:\/\/philippemigne.com\/atelier-galerie\/wp-json\/wp\/v2\/users\/1"}],"replies":[{"embeddable":true,"href":"http:\/\/philippemigne.com\/atelier-galerie\/wp-json\/wp\/v2\/comments?post=3"}],"version-history":[{"count":5,"href":"http:\/\/philippemigne.com\/atelier-galerie\/wp-json\/wp\/v2\/pages\/3\/revisions"}],"predecessor-version":[{"id":32,"href":"http:\/\/philippemigne.com\/atelier-galerie\/wp-json\/wp\/v2\/pages\/3\/revisions\/32"}],"wp:attachment":[{"href":"http:\/\/philippemigne.com\/atelier-galerie\/wp-json\/wp\/v2\/media?parent=3"}],"curies":[{"name":"wp","href":"https:\/\/api.w.org\/{rel}","templated":true}]}}