{"id":121,"date":"2019-02-13T14:43:05","date_gmt":"2019-02-13T13:43:05","guid":{"rendered":"http:\/\/philippemigne.com\/atelier-galerie\/?page_id=121"},"modified":"2019-02-14T17:31:21","modified_gmt":"2019-02-14T16:31:21","slug":"loi-sur-le-mecenat","status":"publish","type":"page","link":"https:\/\/philippemigne.com\/atelier-galerie\/loi-sur-le-mecenat\/","title":{"rendered":"Loi sur le M\u00e9c\u00e9nat"},"content":{"rendered":"<p><span style=\"color: #a82622;\"><a href=\"http:\/\/philippemigne.com\/atelier-galerie\/wp-content\/uploads\/2019\/02\/PhilippeMigne-Gravure-Dans-la-longue-vue-35x35.jpg\"><img decoding=\"async\" class=\"alignleft wp-image-268 size-medium\" src=\"http:\/\/philippemigne.com\/atelier-galerie\/wp-content\/uploads\/2019\/02\/PhilippeMigne-Gravure-Dans-la-longue-vue-35x35-300x300.jpg\" alt=\"\u00a9 Philippe MIGN\u00c9 - Gravure - Dans la longue vue - 35 x 35 cm\" width=\"250\" srcset=\"https:\/\/philippemigne.com\/atelier-galerie\/wp-content\/uploads\/2019\/02\/PhilippeMigne-Gravure-Dans-la-longue-vue-35x35-300x300.jpg 300w, https:\/\/philippemigne.com\/atelier-galerie\/wp-content\/uploads\/2019\/02\/PhilippeMigne-Gravure-Dans-la-longue-vue-35x35-150x150.jpg 150w, https:\/\/philippemigne.com\/atelier-galerie\/wp-content\/uploads\/2019\/02\/PhilippeMigne-Gravure-Dans-la-longue-vue-35x35-768x768.jpg 768w, https:\/\/philippemigne.com\/atelier-galerie\/wp-content\/uploads\/2019\/02\/PhilippeMigne-Gravure-Dans-la-longue-vue-35x35-385x385.jpg 385w, https:\/\/philippemigne.com\/atelier-galerie\/wp-content\/uploads\/2019\/02\/PhilippeMigne-Gravure-Dans-la-longue-vue-35x35.jpg 980w\" sizes=\"(max-width: 300px) 100vw, 300px\" \/><\/a>Achetez une oeuvre d\u2019art originale d\u2019un artiste vivant et D\u00c9DUISEZ 100 % de son prix d\u2019achat.<\/span><\/p>\n<p>En application de l\u2019art. 238 bis AB du CGI, les entreprises ou professions lib\u00e9rales qui acqui\u00e8rent des \u0153uvres originales d\u2019artistes vivants et les inscrivent \u00e0 un compte d\u2019actif immobilis\u00e9 peuvent d\u00e9duire du r\u00e9sultat imposable (BIC, BNC ou BA) de l\u2019exercice en cours et des quatre ann\u00e9es suivantes, par fractions \u00e9gales, une somme \u00e9gale au prix d\u2019acquisition, la d\u00e9duction ainsi effectu\u00e9e au titre de chaque exercice ne pouvant exc\u00e9der la limite de 0,5 % du chiffre d\u2019affaires.<\/p>\n<p><span style=\"color: #a82622;\">Une seule obligation :<\/span> Exposer l\u2019oeuvre pendant 5 ans dans un lieu accessible au public ou simplement aux salari\u00e9s (hall d\u2019accueil, salle de r\u00e9union, salle d\u2019attente pour les m\u00e9decins).<br \/>\n<em>Ces dispositions ne s\u2019appliquent pas aux particuliers.<\/em><\/p>\n<p><a title=\"Texte de loi\" href=\"http:\/\/www.legifrance.gouv.fr\/affichCodeArticle.do;jsessionid=5DDAB8E147375DAA35548A3D49F0F6EC.tpdjo14v_3?cidTexte=LEGITEXT000006069577&amp;idArticle=LEGIARTI000006303974&amp;dateTexte=20090623&amp;categorieLien=id\" target=\"_blank\" rel=\"noopener\"><span style=\"text-decoration: underline;\">Texte de loi<\/span><\/a> &#8211; <a title=\"Texte officiel sur le m\u00e9c\u00e9nat\" href=\"http:\/\/www.culture.gouv.fr\/Thematiques\/Mecenat\/Entreprises\/Des-avantages-supplementaires-pour-la-culture\" target=\"_blank\" rel=\"noopener\"><span style=\"text-decoration: underline;\">Site officiel sur le m\u00e9c\u00e9nat<\/span><\/a><\/p>\n","protected":false},"excerpt":{"rendered":"<p>Achetez une oeuvre d\u2019art originale d\u2019un artiste vivant et D\u00c9DUISEZ 100 % de son prix d\u2019achat. En application de l\u2019art. 238 bis AB du CGI, les entreprises ou professions lib\u00e9rales qui acqui\u00e8rent des \u0153uvres originales d\u2019artistes vivants et les inscrivent \u00e0 un compte d\u2019actif immobilis\u00e9 peuvent d\u00e9duire du r\u00e9sultat imposable (BIC, BNC ou BA) de [&hellip;]<\/p>\n","protected":false},"author":1,"featured_media":0,"parent":0,"menu_order":0,"comment_status":"closed","ping_status":"closed","template":"","meta":[],"_links":{"self":[{"href":"https:\/\/philippemigne.com\/atelier-galerie\/wp-json\/wp\/v2\/pages\/121"}],"collection":[{"href":"https:\/\/philippemigne.com\/atelier-galerie\/wp-json\/wp\/v2\/pages"}],"about":[{"href":"https:\/\/philippemigne.com\/atelier-galerie\/wp-json\/wp\/v2\/types\/page"}],"author":[{"embeddable":true,"href":"https:\/\/philippemigne.com\/atelier-galerie\/wp-json\/wp\/v2\/users\/1"}],"replies":[{"embeddable":true,"href":"https:\/\/philippemigne.com\/atelier-galerie\/wp-json\/wp\/v2\/comments?post=121"}],"version-history":[{"count":8,"href":"https:\/\/philippemigne.com\/atelier-galerie\/wp-json\/wp\/v2\/pages\/121\/revisions"}],"predecessor-version":[{"id":284,"href":"https:\/\/philippemigne.com\/atelier-galerie\/wp-json\/wp\/v2\/pages\/121\/revisions\/284"}],"wp:attachment":[{"href":"https:\/\/philippemigne.com\/atelier-galerie\/wp-json\/wp\/v2\/media?parent=121"}],"curies":[{"name":"wp","href":"https:\/\/api.w.org\/{rel}","templated":true}]}}